{"id":7155,"date":"2022-04-03T12:05:41","date_gmt":"2022-04-03T10:05:41","guid":{"rendered":"https:\/\/www.otvoreni-atelier.com\/?page_id=7155"},"modified":"2022-10-29T09:42:13","modified_gmt":"2022-10-29T07:42:13","slug":"ivana-ozetski","status":"publish","type":"page","link":"https:\/\/www.otvoreni-atelier.com\/en\/ivana-ozetski\/","title":{"rendered":"Ivana O\u017eetski"},"content":{"rendered":"[vc_row full_width=&#8221;stretch_row&#8221; gap=&#8221;25&#8243; css=&#8221;.vc_custom_1646903556242{padding-top: 100px !important;padding-bottom: 100px !important;background-position: center !important;background-repeat: no-repeat !important;background-size: cover !important;}&#8221;][vc_column width=&#8221;2\/3&#8243; css=&#8221;.vc_custom_1646902419203{padding-top: 0px !important;background-position: center !important;background-repeat: no-repeat !important;background-size: cover !important;}&#8221;]<div id=\"argenta-custom-69e2436e8c4f6\"  class=\"heading-wrapper text-left\"  >\n\t\n\t<h3 class=\"second-title text-left\">IVANA O\u017dETSKI<\/h3>\n\n\t\n\t\n\t\t\t<p class=\"subtitle\">Zagreb 1971.<\/p>\n\t<\/div>\t\n\n[vc_empty_space height=&#8221;10px&#8221;]<div id=\"argenta-custom-69e2436e8c5ad\"  >\n\t<p>1998. graduated from the Academy of Fine Arts in Zagreb, teaching department, majoring in painting in the class of prof. Eugen Kokot.<\/p>\n<p>In 2016, she acquired a postgraduate degree in painting at the Academy of Fine Arts and Design in Ljubljana, with a magister\u2019s thesis entitled Shadow and Its Color (mentors: Ksenija \u010cer\u010de, MFA, and Jure Miku\u017e, PhD).<\/p>\n<p>She is a member of the Croatian Association of Artists (HDLU), Croatian Freelance Artists Association (HZSU), Croatian Artists and Art Historians Society (HULULK), and the INFRA Group &#8230;<\/p>\n<p>For many years she worked as an illustrator, set designer, and associate for various production companies, while also taking part in the production of several documentaries and feature films, series, and TV shows.<\/p>\n<p>As a freelance artist, she has participated in numerous individual, as well as group exhibitions and projects.<\/p>\n<p>In 2011 she visited Rondo Studio Graz as a guest artist, where she worked with an international team of artists to launch a project Babel We Are Not Mad With You.<\/p>\n<p>2016 and 2017<\/p>\n<p>She participated in the project Garden as a creative space &#8211; creative development of the historic vegetable garden of Adel Sixto Castle in Jakovlje.<\/p>\n<p>2017\/18<\/p>\n<p>Inspired by Tesla &#8211; she participated in the Nikola Tesla &#8211; Mind from the Future exhibition in Zagreb, by contributing the project What\u2019s Your Frequency?.<\/p>\n<p>In 2020 she participated in an artist-in-residence program arranged by the Cultural City Network in Graz (Kulturvermittlung Steiermark), where she organized the exhibition Geometry of Nature.<\/p>\n<p>2019\/20<\/p>\n<p>She participated in the project Land art, Earth art, Earthworks: e\/Earth and Anthropocene, organized by the Academy of Fine Arts, University of Zagreb<\/p>\n<p>Along with constantly coming back to drawing and painting in the traditional sense, she devotes a lot of time to exploring new areas of artistic expression, often combining new technological challenges with humanistic and spiritual topics in attempt to tackle the challenges of the modern world.<\/p>\n<\/div>\n\n[\/vc_column][vc_column width=&#8221;1\/3&#8243; css=&#8221;.vc_custom_1646903596154{padding-top: 100px !important;}&#8221;][vc_single_image image=&#8221;6674&#8243; img_size=&#8221;full&#8221; alignment=&#8221;center&#8221; style=&#8221;vc_box_outline_circle_2&#8243; css_animation=&#8221;slideInUp&#8221;][\/vc_column][\/vc_row][vc_row][vc_column]<div class=\"tab-box tab-box-material\" id=\"argenta-custom-69e2436e8c5d2\" data-tab-box=\"true\"  >\n\t<div class=\"tab-box-buttons\" data-tab-box-buttons=\"true\" role=\"tablist\">\n\t\t\t<\/div>\n\t<div class=\"tab-box-content\" data-tab-box-content=\"true\" role=\"tabpanel\">\n\t\t<div class=\"tab-box-item\" data-tab-box-title=\"SAMOSTALNE IZLO\u017dBE\" id=\"1646902107408-60a0f0cf-263d\">\n\t[vc_column_text]<strong>2021.<\/strong><\/p>\n<p>ZELINA, Galerija \u017diljak, Demaskiranje Infraredom<\/p>\n<p><strong>2020.<\/strong><\/p>\n<p>SESVETE, Muzej Prigorja, Koja je tvoja frekvencija?<\/p>\n<p>GRO\u017dNJAN, Galerija Fonticus, Stanja prostora ili prostori stanja<\/p>\n<p>GRAZ, Austrija, Galerie Zentrum, Geometrija prirode<\/p>\n<p>GOSPI\u0106, LU Lika, Geometrija prirode<\/p>\n<p><strong>2019.<\/strong><\/p>\n<p>ZAPRE\u0160I\u0106, Galerija Razvid, Geometrija prirode<\/p>\n<p>ZAGREB, Galerija Crta, Mali akvareli<\/p>\n<p>VRBOVEC, Mala galerija, POU Vrbovec No\u0107 muzeja\/ Ples sjena<\/p>\n<p>SESVETE, Galerija Oblok, Oblici, silnice i formacije<\/p>\n<p>KRI\u017dEVCI, Galerija K2, Geometrija prirode<\/p>\n<p><strong>2018.<\/strong><\/p>\n<p>ZAGREB, Galerija Vladimir Filakovac, Priroda i dru\u0161tvo<\/p>\n<p>ZAGREB, Austrijski kulturni forum, Silnice i formacije<\/p>\n<p>VRBOVEC, Mala galerija, Bili smo u Arkadiji<\/p>\n<p>IVANI\u0106 \u2013 GRAD, POU, Bili smo u Arkadiji<\/p>\n<p><strong>2017.<\/strong><\/p>\n<p>VARA\u017dDIN, Galerijski centar Vara\u017edin,\u00a0 Babel We Are Not Mad With You<\/p>\n<p><strong>2016.<\/strong><\/p>\n<p>ZAGREB, izlo\u017eba u sklopu projekta\u00a0 ILICA KULTURE<\/p>\n<p>KRI\u017d, Galerija Kri\u017e, Mjesec hrvatske knjige<\/p>\n<p>IVANI\u0106-GRAD, Gradski muzej, Sjena i njezina boja<\/p>\n<p>DUBROVNIK, Galerija Flora, Babel We Are Not Mad With You<\/p>\n<p><strong>2014.<\/strong><\/p>\n<p>ZAGREB, Austrijski kulturni forum<\/p>\n<p><strong>2013.<\/strong><\/p>\n<p>VINKOVCI, Galerija Slavko Kopa\u010d, Sjene Alvone, Sjene interijera<\/p>\n<p>KUTINA, Galerija Muzeja Moslavine<\/p>\n<p><strong>2012.<\/strong><\/p>\n<p>SARAJEVO,BiH, Galerija Preporod, Sjene Alvone, Sjene interijera, video radovi<\/p>\n<p><strong>2011.<\/strong><\/p>\n<p>ZAGREB, Galerija Vladimir Filakovac, Sjene interijera<\/p>\n<p>POSTIRA, Galerija Sv. Ante, Sjene Alvone<\/p>\n<p>KOPRIVNICA, Galerija Muzeja Grada Koprivnice<\/p>\n<p>GRAZ, Austrija, Galerie Zentrum, Sjene Alvone<\/p>\n<p>GRAZ, Austrija, BiB STUDIO, Slikanje sjenama<\/p>\n<p><strong>2010.<\/strong><\/p>\n<p>TRBOVLJE, Slovenija, Nova galerija, D D Trbovlje, Slikanje sjenama i \u2026<\/p>\n<p><strong>2009.<\/strong><\/p>\n<p>KARLOVAC, Galerija Vjekoslav Karas, Paralelno putovanje<\/p>\n<p><strong>2008.<\/strong><\/p>\n<p>VINKOVCI, Galerija Slavko Kopa\u010d, Slikanje sjenama lll<\/p>\n<p>LABIN, Galerija ALVONA, Adumbratio II<\/p>\n<p><strong>2007.<\/strong><\/p>\n<p>ZAGREB, Galerija CEKAO, Slikanje sjenama<\/p>\n<p><strong>2004.<\/strong><\/p>\n<p>RIJEKA,\u00a0 Galerija Juraj Klovi\u0107, Glavonje i spava\u010di<\/p>\n<p><strong>2000.<\/strong><\/p>\n<p>ZAGREB, Galerija Zvonimir, Ritam i slika<\/p>\n<p><strong>1998.<\/strong><\/p>\n<p>ZAGREB, Galerija SC, Ritam i slika<\/p>\n<p><strong>1995.<\/strong><\/p>\n<p>HEUSDEN HEDIKHUISEN, Nizozemska, Galerija An Sengers[\/vc_column_text]<\/div><div class=\"tab-box-item\" data-tab-box-title=\"SKUPNE IZLO\u017dBE\" id=\"1646902755444-198751ec-752d\">\n\t[vc_column_text]<strong>2022.<\/strong><\/p>\n<p>ZELINA, Galerija \u017diljak, No\u0107 muzeja 2022.<\/p>\n<p>KUTINA, Galerija Muzeja Moslavine, Grupa INFRA<\/p>\n<p>KUTINA, Galerija Muzeja Moslavine, Grupa INFRA<\/p>\n<p>KRANJ \/ SLO, 11. mednarodni festival likovnih umetnosti Kranj, Ecce Homo \u2013 figura v novi realnosti, ZDSLU<\/p>\n<p>ZAGREB, 10. Festival svjetske knji\u017eevnosti, HDLU<\/p>\n<p>KUTINA, Galerija Muzeja Moslavine, Likovno trienale Moslavine<\/p>\n<p>KARLOVAC, Galerija &#8220;Vjekoslav Karas&#8221;, &#8220;9. Hrvatski Trienale Akvarela&#8221;\u00a0\u00a0(ZAGREB, SLAVNSK BROD)<\/p>\n<p><strong>2021.<\/strong><\/p>\n<p>ZELINA, Galerija \u017diljak, No\u0107 muzeja, Grupa Infra<\/p>\n<p>ZAGREB, muzej Mimara, Pasionska ba\u0161tina, virtualna izlo\u017eba 20. 3. \u2013 30. 4. 2021.<\/p>\n<p>ZAGREB, Festival svjetske knji\u017eevnosti, Galerija Canvas i ALU<\/p>\n<p>ZAGREB, Art Zagreb 2021 \u2014 Exhibition: Homo Faber<\/p>\n<p>VINKOVCI, Gradski muzej Vinkovci, Galerija Slavko Kopa\u010d, One su tu<\/p>\n<p>SESVETE, VUGROVEC, \u017dupna crkva Sv.Franje Ksaverskog, Fenix\/preporod, multimedijalna izlo\u017eba<\/p>\n<p>SESVETE, Narodno sveu\u010dili\u0161te Sesvete\/Centar za kulturu, Infrared painting<\/p>\n<p>SESVETE, Muzej Prigorja, Zaviri ispod<\/p>\n<p>SESVETE, Femininologija 2021.\/ frekvencija \u017eene, Muzej Prigorja Sesvete<\/p>\n<p>SAMOBOR, Galerija Prica, 5. Me\u0111unarodno trijenale autoportreta<\/p>\n<p>OZALJ, Land art, Earth art, Earthworks. z\/Zemlja i antropocen 2019. \/2020. Izlo\u017eba dokumentacije Land art radova nastalih u okviru istoimenog projekta Akademije likovnih umjetnosti Sveu\u010dili\u0161ta u Zagrebu.<\/p>\n<p>KRI\u017dEVCI, Galerija Gradskog muzeja Kri\u017eevci, DANTE 700 I u paklu mo\u017ee biti dobro?<\/p>\n<p>KRAPINA, POU Krapina, Galerija grada Krapine, &#8220;9. zagorski likovni salon&#8221;<\/p>\n<p>KRANJ \/ SLO. FEMININOLOGIJA galerija Lajerjeva hi\u0161a \u201cStolp (Kula) \u0160krlovec\u201d Kranj<\/p>\n<p>KRANJ \/SLO. Mala galerija, galerija Likovnog Dru\u0161tva Kranj, Od Dantea do Infre \u2013 umjetnost pro\u0161losti u umjetnosti budu\u0107nosti<\/p>\n<p><strong>2020.<\/strong><\/p>\n<p>ZELINA, Galerija \u017diljak, No\u0107 muzeja 2020., Grupa Infra<\/p>\n<p>ZELINA, Galerija \u017diljak, Grupa Infra<\/p>\n<p>VINKOVCI, Gradski muzej Vinkovci, Galerija Slavko Kopa\u010d, \u201eOne su tu\u201c<\/p>\n<p>SESVETE, Muzej Prigorja, Sesvetski likovni umjetnici i gosti<\/p>\n<p>PULA, HDLU Istre, &#8220;Spoznaja stanja: tijek i mijena&#8221;<\/p>\n<p>OZALJ, Obre\u017e vivodinski, Land art<\/p>\n<p>NOVA GRADI\u0160KA, POU M.A.Relkovi\u0107, Utopija \u2013 distopija<\/p>\n<p>LOKVE, Goranska kiparska radionica Lokve, \u201eIzlo\u017eba u spilji\u201c No\u0107 muzeja 2020.<\/p>\n<p>JAKOVLJE, umjetni\u010dko-znanstveno istra\u017eiva\u010dki projekt Land art, Earthart, Earthworks: Z\/zemlja i antropocen<\/p>\n<p>IVANI\u0106-GRAD, Muzej Ivani\u0107, Grupa Infra<\/p>\n<p>BASH ART, online izlo\u017eba \u2013 Corona<\/p>\n<p><strong>2019.<\/strong><\/p>\n<p>ZAGREB, manifestacija \u201cDani gradske \u010detvrti Donji grad\u201d, Zrinjevac<\/p>\n<p>ZAGREB, Festival svjetske knji\u017eevnosti, Studio moderne galerije Josip Ra\u010di\u0107<\/p>\n<p>KUTINA, Galerija Muzeja Moslavine, Trienale Moslavine<\/p>\n<p>KRI\u017dEVCI, Muzej Kri\u017eevci, \u201eKri\u017eeva\u010dko \u2013 vugrove\u010dki likovni \u0160tatuti\u201c<\/p>\n<p>KARLOVAC Galerija &#8220;Vjekoslav Karas&#8221;, &#8220;8. Hrvatski Trienale Akvarela&#8221;<\/p>\n<p>IVANI\u0106-GRAD, Park kao inspiracija, Chandelier<\/p>\n<p><strong>2018.<\/strong><\/p>\n<p>KRAPINA, POU Krapina, Galerija grada Krapine, &#8220;7. zagorski likovni salon&#8221;<\/p>\n<p>VUGROVEC, Galerija Farof, \u017eupni dvor Vugrovec, projekt Tradicija u suvremenosti<\/p>\n<p>IVANI\u0106-GRAD, Park kao inspiracija, Geometrija prirode<\/p>\n<p><strong>2017.<\/strong><\/p>\n<p>ZAGREB, HDLU, Nikola Tesla \u2013 Mind from the Future<\/p>\n<p>ZAGREB, Galerija Kristofor Stankovi\u0107, Tradicija u suvremenosti<\/p>\n<p>VUGROVEC, Galerija Farof, \u017eupni dvor Vugrovec, projekt Tradicija u suvremenosti<\/p>\n<p>SAMOBOR, Galerija Prica, Trienale autoportreta<\/p>\n<p>OLSZTYN, Poljska, The University of Warmia and Mazury,\u00a0 Heterogenost izri\u010daja<\/p>\n<p>KUTINA, Muzej Moslavine Kutina, Zaviri ispod<\/p>\n<p>JAKOVLJE, Vrt kao prostor kreativnosti, kreativna razrada povijesnog povrtnjaka dvorca Sixta u Jakovlju, HDLU<\/p>\n<p><strong>2016.<\/strong><\/p>\n<p>KARLOVAC, Galerija &#8220;Vjekoslav Karas&#8221;, &#8220;7. Hrvatski Trienale Akvarela&#8221;<\/p>\n<p>JAKOVLJE, Vrt kao prostor kreativnosti, kreativna razrada povijesnog povrtnjaka dvorca Sixta u Jakovlju<\/p>\n<p><strong>2015.<\/strong><\/p>\n<p>ROVINJ, Centar za vizualne umjetnosti BATANA, Fotopri\u010da o rovinju<\/p>\n<p>KUTINA, Galerija Muzeja Moslavine, Trienale Moslavine<\/p>\n<p>KRAPINA, POU Krapina, Galerija grada Krapine, &#8220;7. zagorski likovni salon&#8221;<\/p>\n<p><strong>2013.<\/strong><\/p>\n<p>KUTINA, Galerija Muzeja Moslavine, Trienale Moslavine<\/p>\n<p><strong>2012.<\/strong><\/p>\n<p>ZAGREB, Galerija Laval Nugent, L360*<\/p>\n<p>KRAPINA, POU Krapina, Galerija grada Krapine, &#8220;6. zagorski likovni salon&#8221;<\/p>\n<p>\u010cAKOVEC, Centar za kulturu \u010cakovec<\/p>\n<p><strong>2011.<\/strong><\/p>\n<p>KOPRIVNICA, Galerija Koprivnica, Defragmentiranje osobnosti<\/p>\n<p>GRAZ, Austrija, RONDO-Studio, &#8220;Babel, We Are Not Mad With You&#8221;<\/p>\n<p>GRAZ, Austrija, BIB Studio<\/p>\n<p><strong>2010.<\/strong><\/p>\n<p>SPLIT, Galerija Kula,\u00a0 II Me\u0111unarodni Bienale slikara i kipara &#8220;Mediteran 2010&#8221;<\/p>\n<p>KUTINA, Galerija Muzeja Moslavine, Trienale Moslavine<\/p>\n<p>KARLOVAC, Galerija &#8220;Vjekoslav Karas&#8221;, &#8220;5. Hrvatski Trienale Akvarela&#8221;<\/p>\n<p>ISTAMBUL, Mimar Sinan Fine Arts Universiti, &#8220;Trans &#8211; Form in Art Education&#8221;<\/p>\n<p><strong>2009.<\/strong><\/p>\n<p>ZAGREB, Galerija Laval Nugent<\/p>\n<p>TRBOVLJE, SLO, SPECULUM ARTIUM 09,\u00a0 videomatch<\/p>\n<p>SESVETE, 5.me\u0111unarodni festival filma i videa<\/p>\n<p>KRAPINA, POU Krapina, Galerija grada Krapine, &#8220;5. zagorski likovni salon&#8221;<\/p>\n<p><strong>2008.<\/strong><\/p>\n<p>ZAGREB, 6. Festival prvih &#8211;\u00a0 Zagreba\u010dko kazali\u0161te lutaka<\/p>\n<p>LJUBLJANA, Cyberpipe &#8211; Videomatch<\/p>\n<p><strong>2007.<\/strong><\/p>\n<p>ZAGREB, HDLU, 42. Zagreba\u010dki salon<\/p>\n<p>KOPRIVNICA,\u00a0 Galerija Grada Koprivnice &#8220;5. Drava Art Annale&#8221;<\/p>\n<p>FIRENZA, Italija, Fortezza da Basso, &#8220;6.Biennale Internazionale del Arte Contemporanea &#8221;<\/p>\n<p><strong>2006.<\/strong><\/p>\n<p>ZAGREB, Galerija \u201eVladimir Nazor\u201c, &#8220;Feti\u0161, predmet slijepog obo\u017eavanja?&#8221;<\/p>\n<p>KOPRIVNICA,\u00a0 Galerija Grada Koprivnice &#8220;4.Drava Art Annale&#8221;<\/p>\n<p>KAIRO, Egipat, &#8220;5.Egyptian International Print Triennale 2005.&#8221;<\/p>\n<p><strong>2005.<\/strong><\/p>\n<p>ZAGREB, &#8220;FM \u2013 Festival jednakih mogu\u0107nosti&#8221;<\/p>\n<p>KUTINA, Galerija Muzeja Moslavine, Slikari Moslavine<\/p>\n<p><strong>2004.<\/strong><\/p>\n<p>KARLOVAC, Galerija \u201eVjekoslav Karas\u201c ,&#8221;3. Hrvatski Trienale Akvarela&#8221;<\/p>\n<p><strong>2003.<\/strong><\/p>\n<p>KAIRO, Egipat, &#8220;4.Egyptian International Print Triennale 2003.&#8221;<\/p>\n<p>FIRENZA, Italija, Fortezza da Basso, &#8220;Biennale Internazionale del Arte Contemporanea &#8221;<\/p>\n<p><strong>2001\/2002<\/strong>.<\/p>\n<p>RIJEKA, Moderna Galerija Rijeka \u2013 Muzej moderne i suvremene umjetnosti<\/p>\n<p><strong>2000.<\/strong><\/p>\n<p>ZAPRE\u0160I\u0106, Galerija Razvid, Bu\u0111enje<\/p>\n<p>ZAGREB, GDK Gavela, projekt &#8220;Teatar i mit&#8221;<\/p>\n<p>KUTINA, Muzej Moslavine Kutinski likovni krug<\/p>\n<p><strong>1999.<\/strong><\/p>\n<p>SESVETE, Gradska knji\u017enica Sesvete, Osam lica jedne generacije<\/p>\n<p><strong>1997.<\/strong><\/p>\n<p>KRI\u017dEVCI, Dom HV-a, izlo\u017eba studenata ALU<\/p>\n<p><strong>1996.<\/strong><\/p>\n<p>PETRINJA, Galerija Krsto Hegedu\u0161i\u0107<\/p>\n<p><strong>1995.<\/strong><\/p>\n<p>ZAGREB, HDLU<\/p>\n<p>SPLIT, HDLU Bijenale malog formata<\/p>\n<p>DUBROVNIK, Pala\u010da Sponza &#8220;15. Me\u0111unarodna izlo\u017eba crte\u017ea&#8221;[\/vc_column_text]<\/div><div class=\"tab-box-item\" data-tab-box-title=\"VIDEORADOVI\" id=\"1646902107418-df861b5c-a75b\">\n\t[vc_column_text]<strong>2017.<\/strong><\/p>\n<p>Jakovlje 2017.<\/p>\n<p><strong>2016<\/strong>.<\/p>\n<p>Jakovlje 2016. 9` 37&#8220;, Ples sjena 5` 09&#8220;<\/p>\n<p><strong>2011.<\/strong><\/p>\n<p>Babel we are not mad with You\u00a0 6` 18&#8220;<\/p>\n<p><strong>2009.<\/strong><\/p>\n<p>IDEA 5` 14&#8220;, Lust for life&#8221;3`45&#8220;<\/p>\n<p><strong>2008.<\/strong><\/p>\n<p>Ograni\u010deno kretanje 06` 50&#8220;,\u00a0 Parallel Tripp 05` 35&#8220;<\/p>\n<p><strong>2007.<\/strong><\/p>\n<p>Sjene iz ateljea 16` 08&#8220;, U sjeni katedrale 07` 37&#8220;, Sjena bar koda 03` 33&#8220;[\/vc_column_text]<\/div><div class=\"tab-box-item\" data-tab-box-title=\"NAGRADE\" id=\"1646902915058-02b6b640-b772\">\n\t[vc_column_text]<strong>2021.<\/strong><\/p>\n<p>KRAPINA, POU Krapina, Galerija grada Krapine, Nagrada 9. zagorskog likovnog salona<\/p>\n<p><strong>2019.<\/strong><\/p>\n<p>IVANI\u0106-GRAD, Park kao inspiracija, Nagrada za najbolji rad (Chandelier)<\/p>\n<p><strong>2018.<\/strong><\/p>\n<p>IVANI\u0106-GRAD, Park kao inspiracija, Nagrada za najbolji rad (Geometrija prirode)<\/p>\n<p><strong>2015.<\/strong><\/p>\n<p>Nagrada za istaknuti rad, ROVINJ, Centar za vizualne umjetnosti BATANA, Fotopri\u010da o rovinju, (video\/ Lust for life)<\/p>\n<p><strong>2007.<\/strong><\/p>\n<p>2. otkupna nagrada Prosudbene komisije za rad &#8220;Aktualno Ivani\u0107 Grad 2007&#8221;,\u00a0 Koprivnica, &#8220;5. Drava Art Annale&#8221; Galerija Grada Koprivnice<\/p>\n<p>Nagrada predsjednika Biennala za rad &#8220;Slikanje sjenama&#8221; &#8211; FIRENZA, Italija, &#8220;6. Biennale Internazionale del Arte Contemporanea &#8220;, Fortezza da Basso<\/p>\n<p><strong>2003.<\/strong><\/p>\n<p>1. nagrada publike Liburnija Film Festival, za dokumentarni film &#8220;Houdini &#8211; \u010dovjekov biv\u0161i najbolji prijatelj&#8221;[\/vc_column_text]<\/div>\t\n\t<\/div>\n<\/div>\n\n[\/vc_column][\/vc_row]\n","protected":false},"excerpt":{"rendered":"<p>[vc_row full_width=&#8221;stretch_row&#8221; gap=&#8221;25&#8243; css=&#8221;.vc_custom_1646903556242{padding-top: 100px !important;padding-bottom: 100px !important;background-position: center !important;background-repeat: no-repeat !important;background-size: cover !important;}&#8221;][vc_column width=&#8221;2\/3&#8243; css=&#8221;.vc_custom_1646902419203{padding-top: 0px !important;background-position: center !important;background-repeat: no-repeat !important;background-size: cover !important;}&#8221;][vc_empty_space height=&#8221;10px&#8221;][\/vc_column][vc_column width=&#8221;1\/3&#8243; css=&#8221;.vc_custom_1646903596154{padding-top: 100px !important;}&#8221;][vc_single_image image=&#8221;6674&#8243; img_size=&#8221;full&#8221; alignment=&#8221;center&#8221; style=&#8221;vc_box_outline_circle_2&#8243; css_animation=&#8221;slideInUp&#8221;][\/vc_column][\/vc_row][vc_row][vc_column][\/vc_column][\/vc_row]<\/p>\n","protected":false},"author":1,"featured_media":0,"parent":0,"menu_order":0,"comment_status":"closed","ping_status":"closed","template":"page-templates\/page_without-sidebar.php","meta":{"inline_featured_image":false,"footnotes":""},"class_list":["post-7155","page","type-page","status-publish","hentry"],"_links":{"self":[{"href":"https:\/\/www.otvoreni-atelier.com\/en\/wp-json\/wp\/v2\/pages\/7155","targetHints":{"allow":["GET"]}}],"collection":[{"href":"https:\/\/www.otvoreni-atelier.com\/en\/wp-json\/wp\/v2\/pages"}],"about":[{"href":"https:\/\/www.otvoreni-atelier.com\/en\/wp-json\/wp\/v2\/types\/page"}],"author":[{"embeddable":true,"href":"https:\/\/www.otvoreni-atelier.com\/en\/wp-json\/wp\/v2\/users\/1"}],"replies":[{"embeddable":true,"href":"https:\/\/www.otvoreni-atelier.com\/en\/wp-json\/wp\/v2\/comments?post=7155"}],"version-history":[{"count":2,"href":"https:\/\/www.otvoreni-atelier.com\/en\/wp-json\/wp\/v2\/pages\/7155\/revisions"}],"predecessor-version":[{"id":7456,"href":"https:\/\/www.otvoreni-atelier.com\/en\/wp-json\/wp\/v2\/pages\/7155\/revisions\/7456"}],"wp:attachment":[{"href":"https:\/\/www.otvoreni-atelier.com\/en\/wp-json\/wp\/v2\/media?parent=7155"}],"curies":[{"name":"wp","href":"https:\/\/api.w.org\/{rel}","templated":true}]}}