{"id":7293,"date":"2022-04-05T17:34:19","date_gmt":"2022-04-05T15:34:19","guid":{"rendered":"https:\/\/www.otvoreni-atelier.com\/?page_id=7293"},"modified":"2022-04-06T11:47:49","modified_gmt":"2022-04-06T09:47:49","slug":"vilko-ziljak","status":"publish","type":"page","link":"https:\/\/www.otvoreni-atelier.com\/en\/vilko-ziljak\/","title":{"rendered":"Vilko \u017diljak"},"content":{"rendered":"[vc_row full_width=&#8221;stretch_row&#8221; gap=&#8221;25&#8243; css=&#8221;.vc_custom_1646908540364{padding-top: 100px !important;padding-bottom: 30px !important;background-position: center !important;background-repeat: no-repeat !important;background-size: cover !important;}&#8221;][vc_column width=&#8221;1\/2&#8243; css=&#8221;.vc_custom_1646902419203{padding-top: 0px !important;background-position: center !important;background-repeat: no-repeat !important;background-size: cover !important;}&#8221;]<div id=\"argenta-custom-69e022895ca2b\"  class=\"heading-wrapper text-left\"  >\n\t\t\t<p class=\"subtitle\">Sveti Ivan Zelina 1946.<\/p>\n\t\n\t<h3 class=\"second-title text-left\">VILKO \u017dILJAK<\/h3>\n\n\t\n\t\n\t<\/div>\t\n\n[vc_empty_space height=&#8221;10px&#8221;]<div id=\"argenta-custom-69e022895cb1b\"  >\n\t<p>Vilko \u017diljak (1946) is emeritus University of Zagreb, permanently elected professor.<\/p>\n<p>In 2008 he was awarded the life achievement award: State Prize for Science 2010, Ministry of Science and Education; Golden kuna 2008. Vilko \u017diljak is Regular Member of Croatian Academy of Engineering. He got his degree as experimental physics graduated engineer, Faculty of Science and Mathematics, Zagreb.<\/p>\n<p>He got his doctor\u2019s degree in 1981 with the College of Electrical Engineering and acquired the title \u00abdoctor of technical sciences in the field of computer sciences\u00bb.<\/p>\n<p>He has won 80 gold medals around the world for innovation in the field of infrared technology. In Croatia he is a pioneer in three scientific branches that basically rely on computer sciences: firstly in mathematical modeling and simulation, secondly in computer graphics and typography and thirdly in visual research with the help of a computer.<\/p>\n<p>During the past forty years he has been invited by many contemporary art galleries worldwide to exhibit his computer graphics. He is chief editor of the journal \u201cPolytechnic and Design\u201d.<\/p>\n<\/div>\n\n[vc_empty_space height=&#8221;20px&#8221;][\/vc_column][vc_column width=&#8221;1\/2&#8243;][vc_single_image image=&#8221;7324&#8243; img_size=&#8221;full&#8221; alignment=&#8221;center&#8221;][\/vc_column][\/vc_row][vc_row disable_element=&#8221;yes&#8221;][vc_column]<div class=\"tab-box tab-box-material\" id=\"argenta-custom-69e022895cb4c\" data-tab-box=\"true\"  >\n\t<div class=\"tab-box-buttons\" data-tab-box-buttons=\"true\" role=\"tablist\">\n\t\t\t<\/div>\n\t<div class=\"tab-box-content\" data-tab-box-content=\"true\" role=\"tabpanel\">\n\t\t<div class=\"tab-box-item\" data-tab-box-title=\"SAMOSTALNE IZLO\u017dBE\" id=\"1646902107408-60a0f0cf-263d\">\n\t[vc_column_text]2018.\u00a0 Muzej Mimara Zagreb, InfraredArt<\/p>\n<p>2017. Winterthur, \u0160vicarska, Alte Kaserne Kulturzentrum<\/p>\n<p>Lyon, CTCO 2017<\/p>\n<p>Galerija umjetnina grada Slavonskog Broda, Galerija Ru\u017ei\u0107, No\u0107 Muzeja<\/p>\n<p>2016. Ljubljana, Galerija Krka, Infrared Painting<\/p>\n<p>Galerija Sv. Ivan Zelina, Pasija<\/p>\n<p>Zagreb, Galerija Kluba Zagoraca, Infrared Painting<\/p>\n<p>2014. II. stalni postav u Galeriji Sv. I. Zelina, Infrared Painting<\/p>\n<p>2013.\u00a0 Zagreb, Knji\u017enica Vjekoslava Majera<\/p>\n<p>Zagreb, Klub knji\u017eevnika<\/p>\n<p>London, BARBICAN CENTRE \u2013 BIS<\/p>\n<p>Sv. I Zelina, galerija, IRArt<\/p>\n<p>Zagreb, Mimara, IRArt promocija TVZ<\/p>\n<p>2012. Zagreb, Dru\u0161tvo Podravec<\/p>\n<p>Zagreb \u2013 Dubrava, Galerija Vladimir Filakovac<\/p>\n<p>Petrinja, Galerija, Krsto Hegedu\u0161i\u0107<\/p>\n<p>Zagreb, Galerija HKZ<\/p>\n<p>2011. Zagreb, Knji\u017enice grada Zagreba, Krvavi most 2<\/p>\n<p>Budapest, IARIGAI<\/p>\n<p>Zagreb, Dru\u0161tvo Podravec<\/p>\n<p>Paris, Be CROative, Palais Royal, Village de la Croatie<\/p>\n<p>2010. Hvar, Loggia<\/p>\n<p>Zagreb, Galerija Mazuth<\/p>\n<p>\u0160ibenik, Studio galerije svetog Kr\u0161evana,<\/p>\n<p>2009.\u00a0 Sv. I. Zelina, Zagrljaj, Infraredesign, Akrilik na platnu<\/p>\n<p>2008.\u00a0 Virje, O\u0160 F. V. \u0160ignjara<\/p>\n<p>Zagreb, Galerija Zeus Faber<\/p>\n<p>2007. Hrvatski lje\u010dni\u010dki zbor, Hrvatsko likovno dru\u0161tvo<\/p>\n<p>\u010cakovec, Muzej Me\u0111umurja \u010cakovec<\/p>\n<p>Klek, Galerija Ste\u0107ak Klek<\/p>\n<p>Novalja, galerija Kunkera<\/p>\n<p>Zagreb, Galerija dru\u0161tvo Podravec<\/p>\n<p>2006.\u00a0 Sv. I. Zelina, I. Stalni postav<\/p>\n<p>Une\u0161i\u0107, \u017dupni dvor<\/p>\n<p>Osijek, Likovni salon Vernissage<\/p>\n<p>2005. Mostar, Salon Jeli\u0107<\/p>\n<p>2005. Zagreb, Vatroslav Lisinski<\/p>\n<p>2004. Vara\u017edinske toplice,<\/p>\n<p>Osor, Galerija grada Osora<\/p>\n<p>2003. Rijeka, galerija DAR<\/p>\n<p>Zagreb, Galerija ARS hrvatske kulturne zaklade<\/p>\n<p>Opuzen, Likovni salon Opuzen<\/p>\n<p>2002. Pe\u010duh, M\u00fcv\u00e9szetek H\u00e1za, Pasteli<\/p>\n<p>2001. Zagreb, Izlo\u017eba darovanih slika, K.B. \u201cSestre milosrdnice\u201d<\/p>\n<p>2000. Zagreb, Francuska \u010ditaonica<\/p>\n<p>Bratislava, Slova\u010dka, N\u00e1rodn\u00e9 Osvetov\u00e9 Centrum<\/p>\n<p>1999. Zagreb, Galerija FER<\/p>\n<p>Pie\u0161t\u2019any, Slova\u010dka, Galerija MM<\/p>\n<p>1998. Gornja Stubica, Galerija dvorca Or\u0161i\u0107, Pjesma o sjaju vode<\/p>\n<p>Sv. Ivan Zelina, Ljubavna re\u017eanja, Ilustracije<\/p>\n<p>Pe\u010duh, M\u00fcv\u00e9szetek H\u00e1za, Pasteli<\/p>\n<p>1997. Sv. Ivan Zelina, Tam \u010dist pod strehom, Ilustracije<\/p>\n<p>Zapre\u0161i\u0107, Galerija Razvid, Bakropisi<\/p>\n<p>Sv. Ivan Zelina, V. Mc Master \u2013 N. \u017diljak \u201cVezani za toranj\u201d<\/p>\n<p>Sv. Ivan Zelina, V. Devid\u00e9 \u2013 N. \u017diljak \u201cHaibuni\u201d<\/p>\n<p>Kijev, Nacionalni umjetni\u010dki muzej, Slike<\/p>\n<p>Starigrad, Galerija Jerolim, Crte\u017ei<\/p>\n<p>1996. Novalja, Galerija Era, Slike i akvareli, Kao vjetar kao more<\/p>\n<p>\u010cazma, Zavi\u010dajni muzej, Crte\u017ei i akvareli<\/p>\n<p>Zagreb, Galerija Forum, Slike<\/p>\n<p>Pakrac, Starogradska vije\u0107nica, Pam\u0107enje<\/p>\n<p>Zagreb, Dom umjetnika Hrvatske, Akvareli<\/p>\n<p>Zagreb, Dru\u0161tvo Podravec, Vedrina jutra<\/p>\n<p>1995. Graz, Flughafen, Die Farbe im Raume der Zeit<\/p>\n<p>Kairo, Muzej moderne egipatske umjetnosti<\/p>\n<p>Zagreb, Galerija Instituta Ru\u0111er Bo\u0161kovi\u0107, Slike<\/p>\n<p>Velika Gorica, Galerija Kordi\u0107, Na prostirci od neba i tla<\/p>\n<p>Oto\u010dac, Narodno sveu\u010dili\u0161te, Slike i grafike<\/p>\n<p>Galilejskog jezera<\/p>\n<p>Zagreb, Galerija \u017didovske op\u0107ine, Na obali<\/p>\n<p>Rasinja, Galerija \u0160katulka, Akvareli<\/p>\n<p>Zagreb, Galerija Duh, Obale pune ti\u0161ine<\/p>\n<p>Gospi\u0107, Muzej Like Gospi\u0107, Slike i grafike<\/p>\n<p>1994. \u0110akovo, Dijecezanski muzej, Slike i crte\u017ei<\/p>\n<p>Sv. Ivan Zelina, Galerija Sv. Ivan Zelina, Slike i crte\u017ei<\/p>\n<p>Crte\u017ei tu\u0161em i kistom<\/p>\n<p>Karlovac, Likovni salon Ljudevit \u0160esti\u0107,<\/p>\n<p>Osijek, Galerija likovnih umjetnosti, Slike i crte\u017ei<\/p>\n<p>Zagreb, Galerija Vugrin, Slike<\/p>\n<p>Budapest, OTP Bank Gal\u00e9ria, Slike<\/p>\n<p>Kri\u017eevci, Galerija Ars, Slike<\/p>\n<p>1993. Zagreb, Galerija Kontempora, Slike<\/p>\n<p>1992. Bjelovar, Muzej grada Bjelovara, Slike i crte\u017ei<\/p>\n<p>1991. Zagreb Studio galerije Karas, Slike<\/p>\n<p>Zagreb, Galerija Kontempora, Slike<\/p>\n<p>1990. Zapre\u0161i\u0107, Knji\u017enica Ante Kova\u010di\u0107, Slike i crte\u017ei<\/p>\n<p>1988. Zagreb, Galerija Tre\u0161njevka, Slike<\/p>\n<p>Zagreb, Galerija Klub 42, Crte\u017ei<\/p>\n<p>1984. Zagreb, Galerija, Konferencija za aktivnost \u017eena u dru\u0161tvenom razvoju, Slike i crte\u017ei<\/p>\n<p>Zagreb, Galerija IKRO Mladost<\/p>\n<p>1983. Zagreb, Galerija Zagreb, Slike i crte\u017ei<\/p>\n<p>1982. Zagreb, Galerija Nikola Tesla, Slike<\/p>\n<p>Zagreb, Galerija Kamensko, Slike<\/p>\n<p>1981. Zagreb, Galerija INA, Slike[\/vc_column_text]<\/div><div class=\"tab-box-item\" data-tab-box-title=\"GRUPNE IZLO\u017dBE\" id=\"1646902755444-198751ec-752d\">\n\t[vc_column_text]2004. Vinkovci, Gradski muzej, Albert Kinert i Nada \u017diljak<\/p>\n<p>2001., 2000., 1999., 1998., 1997. i 1996. \u201cSlika u Vinu\u201d. Galerija Sv.I. Zelina<\/p>\n<p>1999. Muzej grada Umaga, slike, Krunoslav Mr\u0111imorec i Nada \u017diljak<\/p>\n<p>1996. (s grupom 91)<\/p>\n<p>Parz, K\u00fcnstelerzentrum, Kontakte \u201cGrenzelos\u201d<\/p>\n<p>Rijeka, Muzej grada, Grafike; Pozai\u0107, \u017diljak, Arbanas<\/p>\n<p>Sarajevo, Galerija, Grafike<\/p>\n<p>Biha\u0107, Galerija, Grafike; Pozai\u0107, \u017diljak, Arbanas<\/p>\n<p>Asbach, Museum Kloster, Dvije generacije u hrvatskom slikarstvu s A. Kinertom<\/p>\n<p>1969. Zagreb: Kinert i \u0110aci, Galerija \u0160kolske knjige[\/vc_column_text]<\/div><div class=\"tab-box-item\" data-tab-box-title=\"MONOGRAFSKA IZDANJA\" id=\"1646902107418-df861b5c-a75b\">\n\t[vc_column_text]Monografija Nada \u017diljak, \u0110uro Van\u0111ura, 1993, ISBN 953-6052-008<\/p>\n<p>Monografija, Nada \u017diljak, Dora Kinert &amp; all, \u201cCrte\u017ei kist i tu\u0161\u201d; ISBN 953-6052-46-6<\/p>\n<p>Monografija, Nada \u017diljak ilustracije, Branka Hlevnjak, 2000. ISBN 953-199-0107<\/p>\n<p>Monografija \u201cMASKS\u201d, Nada \u017diljak, Branka Hlevnjak, 2003. ISBN 978-053-7064-22-8<\/p>\n<p>Monografija \u201cMASKS,\u201d japanski, Nada \u017diljak, Branka Hlevnjak, 2004. ISBN 953-199-018-2<\/p>\n<p>Monografija, \u201cInfra Art\u201d, Nada \u017diljak, Branka Hlevnjak, ISBN 978-953-7064-21-1<\/p>\n<p>Monografija, \u201cINFRAREDART\u201d, Nada \u017diljak, Dora Kinert Bu\u010dan, Branka Hlevnjak, ISBN 978-953-7064-17-4[\/vc_column_text]<\/div>\t\n\t<\/div>\n<\/div>\n\n[\/vc_column][\/vc_row]\n","protected":false},"excerpt":{"rendered":"<p>[vc_row full_width=&#8221;stretch_row&#8221; gap=&#8221;25&#8243; css=&#8221;.vc_custom_1646908540364{padding-top: 100px !important;padding-bottom: 30px !important;background-position: center !important;background-repeat: no-repeat !important;background-size: cover !important;}&#8221;][vc_column width=&#8221;1\/2&#8243; css=&#8221;.vc_custom_1646902419203{padding-top: 0px !important;background-position: center !important;background-repeat: no-repeat !important;background-size: cover !important;}&#8221;][vc_empty_space height=&#8221;10px&#8221;][vc_empty_space height=&#8221;20px&#8221;][\/vc_column][vc_column width=&#8221;1\/2&#8243;][vc_single_image image=&#8221;7324&#8243; img_size=&#8221;full&#8221; alignment=&#8221;center&#8221;][\/vc_column][\/vc_row][vc_row disable_element=&#8221;yes&#8221;][vc_column][\/vc_column][\/vc_row]<\/p>\n","protected":false},"author":1,"featured_media":0,"parent":0,"menu_order":0,"comment_status":"closed","ping_status":"closed","template":"page-templates\/page_without-sidebar.php","meta":{"inline_featured_image":false,"footnotes":""},"class_list":["post-7293","page","type-page","status-publish","hentry"],"_links":{"self":[{"href":"https:\/\/www.otvoreni-atelier.com\/en\/wp-json\/wp\/v2\/pages\/7293","targetHints":{"allow":["GET"]}}],"collection":[{"href":"https:\/\/www.otvoreni-atelier.com\/en\/wp-json\/wp\/v2\/pages"}],"about":[{"href":"https:\/\/www.otvoreni-atelier.com\/en\/wp-json\/wp\/v2\/types\/page"}],"author":[{"embeddable":true,"href":"https:\/\/www.otvoreni-atelier.com\/en\/wp-json\/wp\/v2\/users\/1"}],"replies":[{"embeddable":true,"href":"https:\/\/www.otvoreni-atelier.com\/en\/wp-json\/wp\/v2\/comments?post=7293"}],"version-history":[{"count":6,"href":"https:\/\/www.otvoreni-atelier.com\/en\/wp-json\/wp\/v2\/pages\/7293\/revisions"}],"predecessor-version":[{"id":7332,"href":"https:\/\/www.otvoreni-atelier.com\/en\/wp-json\/wp\/v2\/pages\/7293\/revisions\/7332"}],"wp:attachment":[{"href":"https:\/\/www.otvoreni-atelier.com\/en\/wp-json\/wp\/v2\/media?parent=7293"}],"curies":[{"name":"wp","href":"https:\/\/api.w.org\/{rel}","templated":true}]}}