{"id":7412,"date":"2022-06-02T10:58:44","date_gmt":"2022-06-02T08:58:44","guid":{"rendered":"https:\/\/www.otvoreni-atelier.com\/?page_id=7412"},"modified":"2022-06-02T11:21:33","modified_gmt":"2022-06-02T09:21:33","slug":"dijana-rajkovic","status":"publish","type":"page","link":"https:\/\/www.otvoreni-atelier.com\/en\/dijana-rajkovic\/","title":{"rendered":"Dijana Rajkovi\u0107"},"content":{"rendered":"[vc_row full_width=&#8221;stretch_row&#8221; gap=&#8221;25&#8243; css=&#8221;.vc_custom_1646908540364{padding-top: 100px !important;padding-bottom: 30px !important;background-position: center !important;background-repeat: no-repeat !important;background-size: cover !important;}&#8221;][vc_column width=&#8221;1\/2&#8243; css=&#8221;.vc_custom_1646902419203{padding-top: 0px !important;background-position: center !important;background-repeat: no-repeat !important;background-size: cover !important;}&#8221;]<div id=\"argenta-custom-69e023e70e81a\"  class=\"heading-wrapper text-left\"  >\n\t\t\t<p class=\"subtitle\">Zagreb 1985.<\/p>\n\t\n\t<h3 class=\"second-title text-left\">DIJANA RAJKOVI\u0106<\/h3>\n\n\t\n\t\n\t<\/div>\t\n\n[vc_empty_space height=&#8221;10px&#8221;]<div id=\"argenta-custom-69e023e70e998\"  >\n\t<p><strong>Dijana Rajkovi\u0107<\/strong> was born on March 16th, 1985 in Zagreb.<\/p>\n<p>She graduated from the School of Applied Arts and Design in Zagreb, sculpture department.<\/p>\n<p>Participated in numerous presentations and education on ceramic firing techniques in Croatia and Italy.<\/p>\n<p>She has exhibited at 25 international collective jury exhibitions in Croatia and Europe.<\/p>\n<p>Won the award for young artist under 30 at the international exhibition &#8220;Ceramica multiplex 2012&#8221;, the work is in the collection of contemporary world ceramics in Vara\u017edin.<\/p>\n<p>Engaged in pedagogical work, she is a teacher of ceramics at POU Zagreb.<\/p>\n<p>She is a member of ULUPUH, section for ceramics, porcelain and glass.<\/p>\n<p>Lives and works in Zapre\u0161i\u0107, Zagreb and Gro\u017enjan.<\/p>\n<\/div>\n\n[vc_empty_space height=&#8221;20px&#8221;][\/vc_column][vc_column width=&#8221;1\/2&#8243;][vc_single_image image=&#8221;7414&#8243; img_size=&#8221;450&#215;450&#8243; alignment=&#8221;center&#8221; style=&#8221;vc_box_outline_circle_2&#8243; css_animation=&#8221;slideInUp&#8221;][\/vc_column][\/vc_row]\n","protected":false},"excerpt":{"rendered":"<p>[vc_row full_width=&#8221;stretch_row&#8221; gap=&#8221;25&#8243; css=&#8221;.vc_custom_1646908540364{padding-top: 100px !important;padding-bottom: 30px !important;background-position: center !important;background-repeat: no-repeat !important;background-size: cover !important;}&#8221;][vc_column width=&#8221;1\/2&#8243; css=&#8221;.vc_custom_1646902419203{padding-top: 0px !important;background-position: center !important;background-repeat: no-repeat !important;background-size: cover !important;}&#8221;][vc_empty_space height=&#8221;10px&#8221;][vc_empty_space height=&#8221;20px&#8221;][\/vc_column][vc_column width=&#8221;1\/2&#8243;][vc_single_image image=&#8221;7414&#8243; img_size=&#8221;450&#215;450&#8243; alignment=&#8221;center&#8221; style=&#8221;vc_box_outline_circle_2&#8243; css_animation=&#8221;slideInUp&#8221;][\/vc_column][\/vc_row]<\/p>\n","protected":false},"author":1,"featured_media":0,"parent":0,"menu_order":0,"comment_status":"closed","ping_status":"closed","template":"page-templates\/page_without-sidebar.php","meta":{"inline_featured_image":false,"footnotes":""},"class_list":["post-7412","page","type-page","status-publish","hentry"],"_links":{"self":[{"href":"https:\/\/www.otvoreni-atelier.com\/en\/wp-json\/wp\/v2\/pages\/7412","targetHints":{"allow":["GET"]}}],"collection":[{"href":"https:\/\/www.otvoreni-atelier.com\/en\/wp-json\/wp\/v2\/pages"}],"about":[{"href":"https:\/\/www.otvoreni-atelier.com\/en\/wp-json\/wp\/v2\/types\/page"}],"author":[{"embeddable":true,"href":"https:\/\/www.otvoreni-atelier.com\/en\/wp-json\/wp\/v2\/users\/1"}],"replies":[{"embeddable":true,"href":"https:\/\/www.otvoreni-atelier.com\/en\/wp-json\/wp\/v2\/comments?post=7412"}],"version-history":[{"count":3,"href":"https:\/\/www.otvoreni-atelier.com\/en\/wp-json\/wp\/v2\/pages\/7412\/revisions"}],"predecessor-version":[{"id":7427,"href":"https:\/\/www.otvoreni-atelier.com\/en\/wp-json\/wp\/v2\/pages\/7412\/revisions\/7427"}],"wp:attachment":[{"href":"https:\/\/www.otvoreni-atelier.com\/en\/wp-json\/wp\/v2\/media?parent=7412"}],"curies":[{"name":"wp","href":"https:\/\/api.w.org\/{rel}","templated":true}]}}