{"id":7446,"date":"2022-06-27T09:49:10","date_gmt":"2022-06-27T07:49:10","guid":{"rendered":"https:\/\/www.otvoreni-atelier.com\/?page_id=7446"},"modified":"2022-06-27T10:00:16","modified_gmt":"2022-06-27T08:00:16","slug":"relja-rajkovic","status":"publish","type":"page","link":"https:\/\/www.otvoreni-atelier.com\/en\/relja-rajkovic\/","title":{"rendered":"Relja Rajkovi\u0107"},"content":{"rendered":"[vc_row full_width=&#8221;stretch_row&#8221; gap=&#8221;25&#8243; content_placement=&#8221;middle&#8221; css=&#8221;.vc_custom_1654160039893{padding-top: 100px !important;padding-bottom: 30px !important;background-position: center !important;background-repeat: no-repeat !important;background-size: cover !important;}&#8221;][vc_column width=&#8221;1\/2&#8243; css=&#8221;.vc_custom_1646902419203{padding-top: 0px !important;background-position: center !important;background-repeat: no-repeat !important;background-size: cover !important;}&#8221;]<div id=\"argenta-custom-69e023ad860f7\"  class=\"heading-wrapper text-left\"  >\n\t\t\t<p class=\"subtitle\">Zagreb 1974.<\/p>\n\t\n\t<h3 class=\"second-title text-left\">RELJA RAJKOVI\u0106<\/h3>\n\n\t\n\t\n\t<\/div>\t\n\n[vc_empty_space height=&#8221;10px&#8221;]<div id=\"argenta-custom-69e023ad86189\"  >\n\t<p>Born in 1974 in Zagreb.<\/p>\n<p>He graduated from the School of Applied Arts and Design, Department of Metal Design in Zagreb.<\/p>\n<p>He studied goldsmithing and led a jewelry course at the Center for Culture and Education in Zagreb and at the Sixto Castle in Jakovlje., where he has a sculptural studio.<\/p>\n<p>In 2014 He won the award at the International Exhibition of Miniatures in Vr\u0161ilnica Zapre\u0161i\u0107, and Miniart award in Rijeka 2017.<\/p>\n<p>He has exhibited in solo and group exhibitions at home and abroad.<\/p>\n<p>Member of ULUPUH and HDLU.<\/p>\n<\/div>\n\n[vc_empty_space height=&#8221;20px&#8221;][\/vc_column][vc_column width=&#8221;1\/2&#8243;][vc_single_image image=&#8221;7441&#8243; img_size=&#8221;450&#215;450&#8243; alignment=&#8221;center&#8221; style=&#8221;vc_box_outline_circle_2&#8243; css_animation=&#8221;slideInUp&#8221;][\/vc_column][\/vc_row]\n","protected":false},"excerpt":{"rendered":"<p>[vc_row full_width=&#8221;stretch_row&#8221; gap=&#8221;25&#8243; content_placement=&#8221;middle&#8221; css=&#8221;.vc_custom_1654160039893{padding-top: 100px !important;padding-bottom: 30px !important;background-position: center !important;background-repeat: no-repeat !important;background-size: cover !important;}&#8221;][vc_column width=&#8221;1\/2&#8243; css=&#8221;.vc_custom_1646902419203{padding-top: 0px !important;background-position: center !important;background-repeat: no-repeat !important;background-size: cover !important;}&#8221;][vc_empty_space height=&#8221;10px&#8221;][vc_empty_space height=&#8221;20px&#8221;][\/vc_column][vc_column width=&#8221;1\/2&#8243;][vc_single_image image=&#8221;7441&#8243; img_size=&#8221;450&#215;450&#8243; alignment=&#8221;center&#8221; style=&#8221;vc_box_outline_circle_2&#8243; css_animation=&#8221;slideInUp&#8221;][\/vc_column][\/vc_row]<\/p>\n","protected":false},"author":1,"featured_media":0,"parent":0,"menu_order":0,"comment_status":"closed","ping_status":"closed","template":"page-templates\/page_without-sidebar.php","meta":{"inline_featured_image":false,"footnotes":""},"class_list":["post-7446","page","type-page","status-publish","hentry"],"_links":{"self":[{"href":"https:\/\/www.otvoreni-atelier.com\/en\/wp-json\/wp\/v2\/pages\/7446","targetHints":{"allow":["GET"]}}],"collection":[{"href":"https:\/\/www.otvoreni-atelier.com\/en\/wp-json\/wp\/v2\/pages"}],"about":[{"href":"https:\/\/www.otvoreni-atelier.com\/en\/wp-json\/wp\/v2\/types\/page"}],"author":[{"embeddable":true,"href":"https:\/\/www.otvoreni-atelier.com\/en\/wp-json\/wp\/v2\/users\/1"}],"replies":[{"embeddable":true,"href":"https:\/\/www.otvoreni-atelier.com\/en\/wp-json\/wp\/v2\/comments?post=7446"}],"version-history":[{"count":3,"href":"https:\/\/www.otvoreni-atelier.com\/en\/wp-json\/wp\/v2\/pages\/7446\/revisions"}],"predecessor-version":[{"id":7451,"href":"https:\/\/www.otvoreni-atelier.com\/en\/wp-json\/wp\/v2\/pages\/7446\/revisions\/7451"}],"wp:attachment":[{"href":"https:\/\/www.otvoreni-atelier.com\/en\/wp-json\/wp\/v2\/media?parent=7446"}],"curies":[{"name":"wp","href":"https:\/\/api.w.org\/{rel}","templated":true}]}}